{"id":2,"date":"2022-09-08T10:49:12","date_gmt":"2022-09-08T07:49:12","guid":{"rendered":"https:\/\/uutiset.ellityoajanseuranta.fi\/?page_id=2"},"modified":"2022-09-14T12:27:54","modified_gmt":"2022-09-14T09:27:54","slug":"esimerkkisivu","status":"publish","type":"page","link":"https:\/\/uutiset.ellityoajanseuranta.fi\/?page_id=2","title":{"rendered":"Yleist\u00e4"},"content":{"rendered":"\n<p>T\u00e4m\u00e4 on ELLI Ty\u00f6ajanseurannan tiedotekanava.<\/p>\n\n\n\n<blockquote class=\"wp-block-quote is-layout-flow wp-block-quote-is-layout-flow\"><p>N\u00e4ill\u00e4 sivuilla n\u00e4et uusimmat ELLI Ty\u00f6ajanseurannan julkaisu- ja h\u00e4iri\u00f6tiedotteet. <\/p><\/blockquote>\n\n\n\n<p><\/p>\n","protected":false},"excerpt":{"rendered":"<p>T\u00e4m\u00e4 on ELLI Ty\u00f6ajanseurannan tiedotekanava. N\u00e4ill\u00e4 sivuilla n\u00e4et uusimmat ELLI Ty\u00f6ajanseurannan julkaisu- ja h\u00e4iri\u00f6tiedotteet.<\/p>\n","protected":false},"author":2,"featured_media":0,"parent":0,"menu_order":0,"comment_status":"closed","ping_status":"open","template":"","meta":{"footnotes":""},"class_list":["post-2","page","type-page","status-publish","hentry"],"_links":{"self":[{"href":"https:\/\/uutiset.ellityoajanseuranta.fi\/index.php?rest_route=\/wp\/v2\/pages\/2","targetHints":{"allow":["GET"]}}],"collection":[{"href":"https:\/\/uutiset.ellityoajanseuranta.fi\/index.php?rest_route=\/wp\/v2\/pages"}],"about":[{"href":"https:\/\/uutiset.ellityoajanseuranta.fi\/index.php?rest_route=\/wp\/v2\/types\/page"}],"author":[{"embeddable":true,"href":"https:\/\/uutiset.ellityoajanseuranta.fi\/index.php?rest_route=\/wp\/v2\/users\/2"}],"replies":[{"embeddable":true,"href":"https:\/\/uutiset.ellityoajanseuranta.fi\/index.php?rest_route=%2Fwp%2Fv2%2Fcomments&post=2"}],"version-history":[{"count":2,"href":"https:\/\/uutiset.ellityoajanseuranta.fi\/index.php?rest_route=\/wp\/v2\/pages\/2\/revisions"}],"predecessor-version":[{"id":34,"href":"https:\/\/uutiset.ellityoajanseuranta.fi\/index.php?rest_route=\/wp\/v2\/pages\/2\/revisions\/34"}],"wp:attachment":[{"href":"https:\/\/uutiset.ellityoajanseuranta.fi\/index.php?rest_route=%2Fwp%2Fv2%2Fmedia&parent=2"}],"curies":[{"name":"wp","href":"https:\/\/api.w.org\/{rel}","templated":true}]}}